{"id":7242,"date":"2020-11-25T12:33:47","date_gmt":"2020-11-25T11:33:47","guid":{"rendered":"https:\/\/www.camping-gorges-aveyron.com\/vtt-randonnees-aveyron\/"},"modified":"2024-12-06T12:11:05","modified_gmt":"2024-12-06T11:11:05","slug":"mountain-bike-rides-aveyron","status":"publish","type":"page","link":"https:\/\/www.camping-gorges-aveyron.com\/en\/mountain-bike-rides-aveyron\/","title":{"rendered":"Activit\u00e9s nature : VTT-Gravel-V\u00e9los et Randonn\u00e9es"},"content":{"rendered":"<section id=\"section-5fce49994e070\"\" class=\"section bg-white\" \/><div class=\"container extralarge\"><h1 class=\"element section-title center\">Hiking and mountain bike trails in Tarn-et-Garonne<\/h1><div class=\"element section-title center h1-deco\">in the heart of nature<\/div><\/div><\/section>\n\n<section id=\"section-5fce49994e305\"\" class=\"section bg-white p-t-0 p-b-0\" \/><div class=\"container full\"><div class=\"colonnes-wrap valign-middle \"><div class=\"element colonne p-0\"><div class=\"element images\"><div class=\"image\"><img decoding=\"async\" src=\"https:\/\/www.camping-gorges-aveyron.com\/wp-content\/uploads\/2020\/12\/nature_vtt_501-100x63.jpg\" data-src=\"https:\/\/www.camping-gorges-aveyron.com\/wp-content\/uploads\/2020\/12\/nature_vtt_501.jpg\" alt=\"vtt parcours\" class=\"images_image\" \/><\/div><\/div><\/div><div class=\"element colonne p-x-10\"><h2 class=\"element section-title left\">MTB &#8211; Gravel &#8211; Biking or walking, discover beautiful landscapes along the Gorges de l&#8217;Aveyron<\/h2><div class=\"element bloc-text left \">\n\t<p>The Gorges de l&#8217;Aveyron have more than <strong class=\"bold color1\">200 km of marked hikes<\/strong> starting from Saint-Antonin-Noble-Val. 25 PR with various levels of difficulty, more or less unevenness and sumptuous views.<\/p>\n<p><strong class=\"bold color1\">The trail of the 3 Rocs<\/strong> which takes place in May is very well known for its race and its courses through the Gorges de l&#8217;Aveyron. The campsite is a partner of the &#8220;FRENCH DIVIDE&#8221; race.<\/p>\n<p>Topos are at your disposal free of charge at the reception of the campsite to make the most of the nature activities.<\/p>\n<p>Here is an overview of our course !!!<\/p>\n<\/div><\/div><\/div><\/div><\/section>\n\n<section id=\"section-copied\"\" class=\"section bg-white p-t-0 p-b-0\" \/><div class=\"container full\"><div class=\"colonnes-wrap valign-middle \"><div class=\"element colonne p-x-10\"><h2 class=\"element section-title left\">The best mountain bike rides around the campsite <\/h2><div class=\"element bloc-text left \">\n\t<p>The bicycle route of the valley and the gorges of the Aveyron is most certainly <strong class=\"bold color1\">the most beautiful mountain bike route<\/strong> in Tarn-et-Garonne. From Montauban to Lagu\u00e9pie and passing in front of the <a href=\"\/en\/\">camping Flower Gorges de l&#8217;Aveyron<\/a> to Saint-Antonin-Noble-Val, it allows to cross from <strong class=\"bold color1\">sublime landscapes<\/strong> where history intermingles with the wild <strong class=\"bold color1\">nature<\/strong> of the gorges of Aveyron. Another interesting <strong class=\"bold color1\">VTT<\/strong> route is the circuit from the Baye valley to the Aveyron gorges, from Verfeil to Najac. The route from Bruniquel to Penne passing by Cazals will delight the sportsmen who are not afraid of difficulty. Finally, the circuits Bano de Biau, Saint-Gignac and the Salvetat des Carts are to be done near Najac.<\/p>\n<\/div><\/div><div class=\"element colonne p-0\"><div class=\"element images\"><div class=\"image\"><img decoding=\"async\" src=\"https:\/\/www.camping-gorges-aveyron.com\/wp-content\/uploads\/2021\/01\/nature_vtt_506-100x63.jpg\" data-src=\"https:\/\/www.camping-gorges-aveyron.com\/wp-content\/uploads\/2021\/01\/nature_vtt_506.jpg\" alt=\"randonnee\" class=\"images_image\" \/><\/div><\/div><\/div><\/div><\/div><\/section>\n\n<section id=\"section-abc\"\" class=\"section bg-white p-t-0 p-b-0\" \/><div class=\"container full\"><div class=\"colonnes-wrap valign-middle \"><div class=\"element colonne p-0\"><div class=\"element images\"><div class=\"image\"><img decoding=\"async\" src=\"https:\/\/www.camping-gorges-aveyron.com\/wp-content\/uploads\/2021\/01\/nature_vtt_503-100x63.jpg\" data-src=\"https:\/\/www.camping-gorges-aveyron.com\/wp-content\/uploads\/2021\/01\/nature_vtt_503.jpg\" alt=\"vtt nature\" class=\"images_image\" \/><\/div><\/div><\/div><div class=\"element colonne p-x-10\"><h2 class=\"element section-title left\"> The gorges of the Aveyron, ideal playground for mountain biking <\/h2><div class=\"element bloc-text left \">\n\t<p>For <strong class=\"bold color1\">sporty vacations<\/strong> in camping, the Aveyron gorges and its hilly landscapes are particularly suitable for <strong class=\"bold color1\">mountain bike rides<\/strong>. Cycling is a wonderful way to discover the small stone villages, the high cliffs and the banks of the river where to swim. Whether it is on the side of Najac, Saint-Antonin-Noble-Val or Bruniquel, mountain bike rides in the Aveyron gorges offer you a real communion with nature while offering a real sporting challenge. The Flower camping des Gorges de l&#8217;Aveyron has been a partner of FRENCH DIVIDE for two years.<\/p>\n<\/div><\/div><\/div><\/div><\/section>\n\n<section id=\"section-cta-bottom\"\" class=\"section bg-white\" \/><div class=\"container extralarge\"><div class=\"element section-title center h1-deco\">Sport in nature!<\/div><ul class=\"liste-de-page\"><li class=\"element call-to-action carre call-to-action--style-1 call-to-action--normal\"><a href=\"https:\/\/www.camping-gorges-aveyron.com\/en\/canoe-kayak-aveyron\/\"  class=\"call-to-action_link\" title=\"En savoir plus sur cano\u00eb\/kayak\"><div class=\"call-to-action_image\"><img decoding=\"async\" src=\"https:\/\/www.camping-gorges-aveyron.com\/wp-content\/uploads\/2021\/01\/canoe-100x75.jpg\" data-src=\"https:\/\/www.camping-gorges-aveyron.com\/wp-content\/uploads\/2021\/01\/canoe.jpg\" alt=\"\" class=\"normal\" \/><\/div><div class=\"call-to-action_contenu\"><div class=\"call-to-action_titre\">Cano\u00eb\/Kayak<\/div><div class=\"call-to-action_more\">D\u00e9couvrir +<\/div><\/div><\/a><\/li><li class=\"element call-to-action carre call-to-action--style-1 call-to-action--normal call-to-action--style-1 call-to-action--normal\"><a href=\"https:\/\/www.camping-gorges-aveyron.com\/en\/via-ferrata-aveyron\/\"  class=\"call-to-action_link\" title=\"En savoir plus sur via ferrata\"><div class=\"call-to-action_image\"><img decoding=\"async\" src=\"https:\/\/www.camping-gorges-aveyron.com\/wp-content\/uploads\/2021\/01\/nature_ferrata_506-100x63.jpg\" data-src=\"https:\/\/www.camping-gorges-aveyron.com\/wp-content\/uploads\/2021\/01\/nature_ferrata_506.jpg\" alt=\"\" class=\"normal\" \/><\/div><div class=\"call-to-action_contenu\"><div class=\"call-to-action_titre\">Via Ferrata<\/div><div class=\"call-to-action_more\">D\u00e9couvrir +<\/div><\/div><\/a><\/li><li class=\"element call-to-action carre call-to-action--style-1 call-to-action--normal call-to-action--style-1 call-to-action--normal call-to-action--style-1 call-to-action--normal\"><a href=\"https:\/\/www.camping-gorges-aveyron.com\/en\/rock-climbing-aveyron\/\"  class=\"call-to-action_link\" title=\"En savoir plus sur escalade\"><div class=\"call-to-action_image\"><img decoding=\"async\" src=\"https:\/\/www.camping-gorges-aveyron.com\/wp-content\/uploads\/2021\/01\/oiseau-100x75.jpg\" data-src=\"https:\/\/www.camping-gorges-aveyron.com\/wp-content\/uploads\/2021\/01\/oiseau.jpg\" alt=\"\" class=\"normal\" \/><\/div><div class=\"call-to-action_contenu\"><div class=\"call-to-action_titre\">Escalade<\/div><div class=\"call-to-action_more\">D\u00e9couvrir +<\/div><\/div><\/a><\/li><\/ul><\/div><\/section>\n\n<section id=\"section-5fce49994e7a7\"\" class=\"section bg-white p-t-0 p-b-0\" \/><div class=\"container full\"><div class=\"accordeon\"><div class=\"slide \"><div class=\"slide_image\"><img decoding=\"async\" src=\"https:\/\/www.camping-gorges-aveyron.com\/wp-content\/uploads\/2021\/01\/nature_vtt_triptyque1-100x77.jpg\" data-src=\"https:\/\/www.camping-gorges-aveyron.com\/wp-content\/uploads\/2021\/01\/nature_vtt_triptyque1.jpg\" alt=\"\" class=\"\" \/><\/div><\/div><div class=\"slide \"><div class=\"slide_image\"><img decoding=\"async\" src=\"https:\/\/www.camping-gorges-aveyron.com\/wp-content\/uploads\/2021\/01\/nature_vtt_triptyque5-100x77.jpg\" data-src=\"https:\/\/www.camping-gorges-aveyron.com\/wp-content\/uploads\/2021\/01\/nature_vtt_triptyque5.jpg\" alt=\"\" class=\"\" \/><\/div><\/div><div class=\"slide \"><div class=\"slide_image\"><img decoding=\"async\" src=\"https:\/\/www.camping-gorges-aveyron.com\/wp-content\/uploads\/2020\/12\/nature_vtt_triptyque3-100x77.jpg\" data-src=\"https:\/\/www.camping-gorges-aveyron.com\/wp-content\/uploads\/2020\/12\/nature_vtt_triptyque3.jpg\" alt=\"\" class=\"\" \/><\/div><\/div><div class=\"slide \"><div class=\"slide_image\"><img decoding=\"async\" src=\"https:\/\/www.camping-gorges-aveyron.com\/wp-content\/uploads\/2020\/12\/nature_vtt_triptyque4-100x77.jpg\" data-src=\"https:\/\/www.camping-gorges-aveyron.com\/wp-content\/uploads\/2020\/12\/nature_vtt_triptyque4.jpg\" alt=\"\" class=\"\" \/><\/div><\/div><\/div><\/div><\/section>","protected":false},"excerpt":{"rendered":"","protected":false},"author":1,"featured_media":4532,"parent":0,"menu_order":0,"comment_status":"closed","ping_status":"closed","template":"","meta":{"_acf_changed":false,"footnotes":""},"class_list":["post-7242","page","type-page","status-publish","has-post-thumbnail","hentry"],"acf":[],"yoast_head":"<!-- This site is optimized with the Yoast SEO plugin v25.3 - https:\/\/yoast.com\/wordpress\/plugins\/seo\/ -->\n<title>Hiking and biking Aveyron | Mountain bike trail in Tarn-et-Garonne (82)<\/title>\n<meta name=\"robots\" content=\"index, follow, max-snippet:-1, max-image-preview:large, max-video-preview:-1\" \/>\n<link rel=\"canonical\" href=\"https:\/\/www.camping-gorges-aveyron.com\/en\/mountain-bike-rides-aveyron\/\" \/>\n<meta property=\"og:locale\" content=\"en_GB\" \/>\n<meta property=\"og:type\" content=\"article\" \/>\n<meta property=\"og:title\" content=\"Hiking and biking Aveyron | Mountain bike trail in Tarn-et-Garonne (82)\" \/>\n<meta property=\"og:url\" content=\"https:\/\/www.camping-gorges-aveyron.com\/en\/mountain-bike-rides-aveyron\/\" \/>\n<meta property=\"og:site_name\" content=\"Gorges de l&#039;Aveyron\" \/>\n<meta property=\"article:modified_time\" content=\"2024-12-06T11:11:05+00:00\" \/>\n<meta property=\"og:image\" content=\"https:\/\/www.camping-gorges-aveyron.com\/wp-content\/uploads\/2020\/12\/nature_vtt_bandeau.jpg\" \/>\n\t<meta property=\"og:image:width\" content=\"1903\" \/>\n\t<meta property=\"og:image:height\" content=\"450\" \/>\n\t<meta property=\"og:image:type\" content=\"image\/jpeg\" \/>\n<meta name=\"twitter:card\" content=\"summary_large_image\" \/>\n<meta name=\"twitter:label1\" content=\"Estimated reading time\" \/>\n\t<meta name=\"twitter:data1\" content=\"1 minute\" \/>\n<script type=\"application\/ld+json\" class=\"yoast-schema-graph\">{\"@context\":\"https:\/\/schema.org\",\"@graph\":[{\"@type\":\"WebPage\",\"@id\":\"https:\/\/www.camping-gorges-aveyron.com\/en\/mountain-bike-rides-aveyron\/\",\"url\":\"https:\/\/www.camping-gorges-aveyron.com\/en\/mountain-bike-rides-aveyron\/\",\"name\":\"Hiking and biking Aveyron | Mountain bike trail in Tarn-et-Garonne (82)\",\"isPartOf\":{\"@id\":\"https:\/\/www.camping-gorges-aveyron.com\/en\/#website\"},\"primaryImageOfPage\":{\"@id\":\"https:\/\/www.camping-gorges-aveyron.com\/en\/mountain-bike-rides-aveyron\/#primaryimage\"},\"image\":{\"@id\":\"https:\/\/www.camping-gorges-aveyron.com\/en\/mountain-bike-rides-aveyron\/#primaryimage\"},\"thumbnailUrl\":\"https:\/\/www.camping-gorges-aveyron.com\/wp-content\/uploads\/2020\/12\/nature_vtt_bandeau.jpg\",\"datePublished\":\"2020-11-25T11:33:47+00:00\",\"dateModified\":\"2024-12-06T11:11:05+00:00\",\"breadcrumb\":{\"@id\":\"https:\/\/www.camping-gorges-aveyron.com\/en\/mountain-bike-rides-aveyron\/#breadcrumb\"},\"inLanguage\":\"en-GB\",\"potentialAction\":[{\"@type\":\"ReadAction\",\"target\":[\"https:\/\/www.camping-gorges-aveyron.com\/en\/mountain-bike-rides-aveyron\/\"]}]},{\"@type\":\"ImageObject\",\"inLanguage\":\"en-GB\",\"@id\":\"https:\/\/www.camping-gorges-aveyron.com\/en\/mountain-bike-rides-aveyron\/#primaryimage\",\"url\":\"https:\/\/www.camping-gorges-aveyron.com\/wp-content\/uploads\/2020\/12\/nature_vtt_bandeau.jpg\",\"contentUrl\":\"https:\/\/www.camping-gorges-aveyron.com\/wp-content\/uploads\/2020\/12\/nature_vtt_bandeau.jpg\",\"width\":1903,\"height\":450},{\"@type\":\"BreadcrumbList\",\"@id\":\"https:\/\/www.camping-gorges-aveyron.com\/en\/mountain-bike-rides-aveyron\/#breadcrumb\",\"itemListElement\":[{\"@type\":\"ListItem\",\"position\":1,\"name\":\"Camping Aveyron\",\"item\":\"https:\/\/www.camping-gorges-aveyron.com\/en\/\"},{\"@type\":\"ListItem\",\"position\":2,\"name\":\"Mountain biking and hiking Aveyron\"}]},{\"@type\":\"WebSite\",\"@id\":\"https:\/\/www.camping-gorges-aveyron.com\/en\/#website\",\"url\":\"https:\/\/www.camping-gorges-aveyron.com\/en\/\",\"name\":\"Gorges de l&#039;Aveyron\",\"description\":\"\",\"potentialAction\":[{\"@type\":\"SearchAction\",\"target\":{\"@type\":\"EntryPoint\",\"urlTemplate\":\"https:\/\/www.camping-gorges-aveyron.com\/en\/?s={search_term_string}\"},\"query-input\":{\"@type\":\"PropertyValueSpecification\",\"valueRequired\":true,\"valueName\":\"search_term_string\"}}],\"inLanguage\":\"en-GB\"}]}<\/script>\n<!-- \/ Yoast SEO plugin. -->","yoast_head_json":{"title":"Hiking and biking Aveyron | Mountain bike trail in Tarn-et-Garonne (82)","robots":{"index":"index","follow":"follow","max-snippet":"max-snippet:-1","max-image-preview":"max-image-preview:large","max-video-preview":"max-video-preview:-1"},"canonical":"https:\/\/www.camping-gorges-aveyron.com\/en\/mountain-bike-rides-aveyron\/","og_locale":"en_GB","og_type":"article","og_title":"Hiking and biking Aveyron | Mountain bike trail in Tarn-et-Garonne (82)","og_url":"https:\/\/www.camping-gorges-aveyron.com\/en\/mountain-bike-rides-aveyron\/","og_site_name":"Gorges de l&#039;Aveyron","article_modified_time":"2024-12-06T11:11:05+00:00","og_image":[{"width":1903,"height":450,"url":"https:\/\/www.camping-gorges-aveyron.com\/wp-content\/uploads\/2020\/12\/nature_vtt_bandeau.jpg","type":"image\/jpeg"}],"twitter_card":"summary_large_image","twitter_misc":{"Estimated reading time":"1 minute"},"schema":{"@context":"https:\/\/schema.org","@graph":[{"@type":"WebPage","@id":"https:\/\/www.camping-gorges-aveyron.com\/en\/mountain-bike-rides-aveyron\/","url":"https:\/\/www.camping-gorges-aveyron.com\/en\/mountain-bike-rides-aveyron\/","name":"Hiking and biking Aveyron | Mountain bike trail in Tarn-et-Garonne (82)","isPartOf":{"@id":"https:\/\/www.camping-gorges-aveyron.com\/en\/#website"},"primaryImageOfPage":{"@id":"https:\/\/www.camping-gorges-aveyron.com\/en\/mountain-bike-rides-aveyron\/#primaryimage"},"image":{"@id":"https:\/\/www.camping-gorges-aveyron.com\/en\/mountain-bike-rides-aveyron\/#primaryimage"},"thumbnailUrl":"https:\/\/www.camping-gorges-aveyron.com\/wp-content\/uploads\/2020\/12\/nature_vtt_bandeau.jpg","datePublished":"2020-11-25T11:33:47+00:00","dateModified":"2024-12-06T11:11:05+00:00","breadcrumb":{"@id":"https:\/\/www.camping-gorges-aveyron.com\/en\/mountain-bike-rides-aveyron\/#breadcrumb"},"inLanguage":"en-GB","potentialAction":[{"@type":"ReadAction","target":["https:\/\/www.camping-gorges-aveyron.com\/en\/mountain-bike-rides-aveyron\/"]}]},{"@type":"ImageObject","inLanguage":"en-GB","@id":"https:\/\/www.camping-gorges-aveyron.com\/en\/mountain-bike-rides-aveyron\/#primaryimage","url":"https:\/\/www.camping-gorges-aveyron.com\/wp-content\/uploads\/2020\/12\/nature_vtt_bandeau.jpg","contentUrl":"https:\/\/www.camping-gorges-aveyron.com\/wp-content\/uploads\/2020\/12\/nature_vtt_bandeau.jpg","width":1903,"height":450},{"@type":"BreadcrumbList","@id":"https:\/\/www.camping-gorges-aveyron.com\/en\/mountain-bike-rides-aveyron\/#breadcrumb","itemListElement":[{"@type":"ListItem","position":1,"name":"Camping Aveyron","item":"https:\/\/www.camping-gorges-aveyron.com\/en\/"},{"@type":"ListItem","position":2,"name":"Mountain biking and hiking Aveyron"}]},{"@type":"WebSite","@id":"https:\/\/www.camping-gorges-aveyron.com\/en\/#website","url":"https:\/\/www.camping-gorges-aveyron.com\/en\/","name":"Gorges de l&#039;Aveyron","description":"","potentialAction":[{"@type":"SearchAction","target":{"@type":"EntryPoint","urlTemplate":"https:\/\/www.camping-gorges-aveyron.com\/en\/?s={search_term_string}"},"query-input":{"@type":"PropertyValueSpecification","valueRequired":true,"valueName":"search_term_string"}}],"inLanguage":"en-GB"}]}},"_links":{"self":[{"href":"https:\/\/www.camping-gorges-aveyron.com\/en\/wp-json\/wp\/v2\/pages\/7242"}],"collection":[{"href":"https:\/\/www.camping-gorges-aveyron.com\/en\/wp-json\/wp\/v2\/pages"}],"about":[{"href":"https:\/\/www.camping-gorges-aveyron.com\/en\/wp-json\/wp\/v2\/types\/page"}],"author":[{"embeddable":true,"href":"https:\/\/www.camping-gorges-aveyron.com\/en\/wp-json\/wp\/v2\/users\/1"}],"replies":[{"embeddable":true,"href":"https:\/\/www.camping-gorges-aveyron.com\/en\/wp-json\/wp\/v2\/comments?post=7242"}],"version-history":[{"count":6,"href":"https:\/\/www.camping-gorges-aveyron.com\/en\/wp-json\/wp\/v2\/pages\/7242\/revisions"}],"predecessor-version":[{"id":12948,"href":"https:\/\/www.camping-gorges-aveyron.com\/en\/wp-json\/wp\/v2\/pages\/7242\/revisions\/12948"}],"wp:featuredmedia":[{"embeddable":true,"href":"https:\/\/www.camping-gorges-aveyron.com\/en\/wp-json\/wp\/v2\/media\/4532"}],"wp:attachment":[{"href":"https:\/\/www.camping-gorges-aveyron.com\/en\/wp-json\/wp\/v2\/media?parent=7242"}],"curies":[{"name":"wp","href":"https:\/\/api.w.org\/{rel}","templated":true}]}}